{"id":21,"date":"2024-08-17T19:32:14","date_gmt":"2024-08-17T19:32:14","guid":{"rendered":"https:\/\/lacoopeactiva.com.ar\/?page_id=21"},"modified":"2024-09-20T13:47:34","modified_gmt":"2024-09-20T13:47:34","slug":"cooperativismo","status":"publish","type":"page","link":"https:\/\/lacoopeactiva.com.ar\/index.php\/cooperativismo\/","title":{"rendered":"Cooperativismo"},"content":{"rendered":"\t\t<div data-elementor-type=\"wp-page\" data-elementor-id=\"21\" class=\"elementor elementor-21\" data-elementor-post-type=\"page\">\n\t\t\t\t<div class=\"elementor-element elementor-element-e218eb9 e-con-full e-flex e-con e-parent\" data-id=\"e218eb9\" data-element_type=\"container\">\n\t\t<div class=\"elementor-element elementor-element-38af44f e-con-full e-flex e-con e-child\" data-id=\"38af44f\" data-element_type=\"container\">\n\t\t<div class=\"elementor-element elementor-element-5714a33 e-flex e-con-boxed e-con e-child\" data-id=\"5714a33\" data-element_type=\"container\">\n\t\t\t\t\t<div class=\"e-con-inner\">\n\t\t<div class=\"elementor-element elementor-element-0183bad e-con-full e-flex e-con e-child\" data-id=\"0183bad\" data-element_type=\"container\">\n\t\t<div class=\"elementor-element elementor-element-c4ed492 e-con-full e-flex e-con e-child\" data-id=\"c4ed492\" data-element_type=\"container\">\n\t\t\t\t<div class=\"elementor-element elementor-element-99cab6b elementor-widget__width-initial elementor-widget elementor-widget-posts\" data-id=\"99cab6b\" data-element_type=\"widget\" data-settings=\"{&quot;full_content_row_gap&quot;:{&quot;unit&quot;:&quot;px&quot;,&quot;size&quot;:100,&quot;sizes&quot;:[]},&quot;pagination_type&quot;:&quot;numbers_and_prev_next&quot;}\" data-widget_type=\"posts.full_content\">\n\t\t\t\t<div class=\"elementor-widget-container\">\n\t\t\t\t\t\t\t<div class=\"elementor-posts-container elementor-posts elementor-posts--skin-full_content elementor-grid\">\n\t\t\t\t<article class=\"elementor-post elementor-grid-item post-3399 post type-post status-publish format-standard has-post-thumbnail hentry category-cooperativismo\">\n\t\t\t\t<div class=\"elementor-post__text\">\n\t\t\t\t<h3 class=\"elementor-post__title\">\n\t\t\t<a href=\"https:\/\/lacoopeactiva.com.ar\/index.php\/2024\/09\/07\/sin-el-inym-las-yerbateras-cooperativas-se-sumergen-en-la-crisis\/\" >\n\t\t\t\tSIN EL INYM, LAS YERBATERAS COOPERATIVAS SE SUMERGEN EN LA CRISIS\t\t\t<\/a>\n\t\t<\/h3>\n\t\t<div class=\"elementor-post__content\"><style>.elementor-3399 .elementor-element.elementor-element-1cf5d49a{--display:flex;}.elementor-widget-text-editor{font-family:var( --e-global-typography-text-font-family ), Sans-serif;font-weight:var( --e-global-typography-text-font-weight );color:var( --e-global-color-text );}.elementor-widget-text-editor.elementor-drop-cap-view-stacked .elementor-drop-cap{background-color:var( --e-global-color-primary );}.elementor-widget-text-editor.elementor-drop-cap-view-framed .elementor-drop-cap, .elementor-widget-text-editor.elementor-drop-cap-view-default .elementor-drop-cap{color:var( --e-global-color-primary );border-color:var( --e-global-color-primary );}.elementor-3399 .elementor-element.elementor-element-ebc3be6{text-align:justify;font-family:\"Myriad PRO\", Sans-serif;font-size:30px;font-weight:400;color:#000000;}.elementor-widget-image .widget-image-caption{color:var( --e-global-color-text );font-family:var( --e-global-typography-text-font-family ), Sans-serif;font-weight:var( --e-global-typography-text-font-weight );}.elementor-3399 .elementor-element.elementor-element-649c4f5{--display:flex;}.elementor-3399 .elementor-element.elementor-element-42e5d5f{text-align:justify;font-family:\"Myriad PRO\", Sans-serif;font-size:30px;font-weight:400;color:#000000;}\/* Start Custom Fonts CSS *\/@font-face {\n\tfont-family: 'Myriad PRO';\n\tfont-style: normal;\n\tfont-weight: normal;\n\tfont-display: auto;\n\tsrc: url('Myriad') format('truetype');\n}\n\/* End Custom Fonts CSS *\/<\/style>\t\t<div data-elementor-type=\"wp-post\" data-elementor-id=\"3399\" class=\"elementor elementor-3399\" data-elementor-post-type=\"post\">\n\t\t\t\t<div class=\"elementor-element elementor-element-1cf5d49a e-con-full e-flex e-con e-parent\" data-id=\"1cf5d49a\" data-element_type=\"container\">\n\t\t\t\t<div class=\"elementor-element elementor-element-ebc3be6 elementor-widget elementor-widget-text-editor\" data-id=\"ebc3be6\" data-element_type=\"widget\" data-widget_type=\"text-editor.default\">\n\t\t\t\t<div class=\"elementor-widget-container\">\n\t\t\t\t\t\t\t\t\t<p>El libre mercado hizo que las cooperativas y productores de materia prima de yerba mate vean desplomarse los precios. Mientras aumentan las exportaciones para algunos, caen las ventas internas para todos y ya se habla de \u00abdestrucci\u00f3n del sector\u00bb.<br \/><\/p>\t\t\t\t\t\t\t\t<\/div>\n\t\t\t\t<\/div>\n\t\t\t\t<div class=\"elementor-element elementor-element-10c4ac0 elementor-widget elementor-widget-image\" data-id=\"10c4ac0\" data-element_type=\"widget\" data-widget_type=\"image.default\">\n\t\t\t\t<div class=\"elementor-widget-container\">\n\t\t\t\t\t\t\t\t\t\t\t\t\t\t\t<img fetchpriority=\"high\" fetchpriority=\"high\" decoding=\"async\" width=\"900\" height=\"560\" src=\"https:\/\/lacoopeactiva.com.ar\/wp-content\/uploads\/2024\/09\/NOTA-Yerbateras.jpg\" class=\"attachment-large size-large wp-image-4118\" alt=\"\" srcset=\"https:\/\/lacoopeactiva.com.ar\/wp-content\/uploads\/2024\/09\/NOTA-Yerbateras.jpg 900w, https:\/\/lacoopeactiva.com.ar\/wp-content\/uploads\/2024\/09\/NOTA-Yerbateras-300x187.jpg 300w, https:\/\/lacoopeactiva.com.ar\/wp-content\/uploads\/2024\/09\/NOTA-Yerbateras-768x478.jpg 768w\" sizes=\"(max-width: 900px) 100vw, 900px\" \/>\t\t\t\t\t\t\t\t\t\t\t\t\t\t\t<\/div>\n\t\t\t\t<\/div>\n\t\t\t\t<\/div>\n\t\t<div class=\"elementor-element elementor-element-649c4f5 e-con-full e-flex e-con e-parent\" data-id=\"649c4f5\" data-element_type=\"container\">\n\t\t\t\t<div class=\"elementor-element elementor-element-42e5d5f elementor-widget elementor-widget-text-editor\" data-id=\"42e5d5f\" data-element_type=\"widget\" data-widget_type=\"text-editor.default\">\n\t\t\t\t<div class=\"elementor-widget-container\">\n\t\t\t\t\t\t\t\t\t<p>Mientras el mercado externo se muestra cada vez m\u00e1s interesado en la yerba de Argentina, a nivel nacional los productores vienen atravesando un momento cr\u00edtico que se inici\u00f3 despu\u00e9s de la publicaci\u00f3n del DNU 70\/2023 con el que el presidente Javier Milei empez\u00f3 su plan de libre mercado. Con esa norma, el gobierno libertario le quit\u00f3 al Instituto Nacional de Yerba Mate (INYM) sus principales funciones, entre las que se destacaba la posibilidad de regular el precio de la materia prima que producen principalmente las cooperativas misioneras.<br \/>Como public\u00f3 este medio hace semanas, en el primer semestre hubo r\u00e9cord de exportaciones de yerba, pero el fen\u00f3meno se dio en paralelo con la crisis interna que atraviesa el sector y que tuvo su punto medi\u00e1tico m\u00e1s fuerte cuando decenas de cooperativistas y productores yerbateros de la provincia de Misiones protestaron frente al Obelisco. Seg\u00fan explicaron, desde que gan\u00f3 Milei ven como las grandes empresas fijaron el precio de la materia prima y lo llevaron a valores m\u00e1s bajos que antes de la asunci\u00f3n del Gobierno.<br \/>El presidente de la Federaci\u00f3n de Cooperativas Agr\u00edcolas de Misiones Limitada y miembro de la yerbatera Pipor\u00e9, Gerardo Vallejos, le explic\u00f3 a ANSOL la situaci\u00f3n que atraviesa el sector: \u00abEl DNU 70\/2023 le sac\u00f3 al INYM sus principales atribuciones, dentro de las cuales estaba la posibilidad de fijar precios para la materia prima, ya sea la hoja verde o la yerba mate canchada, porque teniendo en cuenta las caracter\u00edsticas del sector, desregular la actividad dej\u00f3 a la producci\u00f3n primaria, que es el eslab\u00f3n m\u00e1s d\u00e9bil de la cadena, desprotegido\u00ab.<br \/>En Misiones las desregulaciones del Gobierno de Milei pegaron fuerte, ya que se trata de una provincia donde la industria yerbatera es clave, ya que como explic\u00f3 Vallejos \u00abes esencialmente minifundiaria, por lo que el efecto de la producci\u00f3n primaria en manos de muchos peque\u00f1os productores se ve severamente castigada, porque hay pocos demandantes y muchos oferentes, y esos pocos demandantes se transforman en formadores de precio ajustando los valores para abajo\u00bb.<br \/>Por ejemplo, Mabel Acosta, de la Cooperativa Agr\u00edcola R\u00edo Paran\u00e1 Ltda. que produce la yerba Titrayju cont\u00f3 a ANSOL que \u00abhoy la situaci\u00f3n yerbatera est\u00e1 muy dif\u00edcil, algunos lugares dejaron de cosechar por esta desregulaci\u00f3n del INYM, de las plantaciones y fijaci\u00f3n de precios que hac\u00eda que todo el circuito tuviera una ganancia razonable como para vivir, pero ahora es la ley del m\u00e1s fuerte\u00bb.<br \/>Mientras el producto crece en el mundo, los argentinos vemos como el precio aumenta sin que eso implique un beneficio para los propios productores. Un producto nacional que es s\u00edmbolo de la selecci\u00f3n campeona del mundo, pero tambi\u00e9n un claro ejemplo de c\u00f3mo afecta el libre mercado.<\/p>\t\t\t\t\t\t\t\t<\/div>\n\t\t\t\t<\/div>\n\t\t\t\t<\/div>\n\t\t\t\t<\/div>\n\t\t<\/div>\t\t<\/div>\n\t\t\t\t<\/article>\n\t\t\t\t<\/div>\n\t\t\n\t\t\t\t<div class=\"e-load-more-anchor\" data-page=\"1\" data-max-page=\"4\" data-next-page=\"https:\/\/lacoopeactiva.com.ar\/index.php\/wp-json\/wp\/v2\/pages\/21\/page\/2\/\"><\/div>\n\t\t\t\t<nav class=\"elementor-pagination\" aria-label=\"Pagination\">\n\t\t\t<span class=\"page-numbers prev\">&laquo; Previous<\/span>\n<span aria-current=\"page\" class=\"page-numbers current\"><span class=\"elementor-screen-only\">Page<\/span>1<\/span>\n<a class=\"page-numbers\" href=\"https:\/\/lacoopeactiva.com.ar\/index.php\/wp-json\/wp\/v2\/pages\/21\/page\/2\/\"><span class=\"elementor-screen-only\">Page<\/span>2<\/a>\n<a class=\"page-numbers\" href=\"https:\/\/lacoopeactiva.com.ar\/index.php\/wp-json\/wp\/v2\/pages\/21\/page\/3\/\"><span class=\"elementor-screen-only\">Page<\/span>3<\/a>\n<a class=\"page-numbers\" href=\"https:\/\/lacoopeactiva.com.ar\/index.php\/wp-json\/wp\/v2\/pages\/21\/page\/4\/\"><span class=\"elementor-screen-only\">Page<\/span>4<\/a>\n<a class=\"page-numbers next\" href=\"https:\/\/lacoopeactiva.com.ar\/index.php\/wp-json\/wp\/v2\/pages\/21\/page\/2\/\">Next &raquo;<\/a>\t\t<\/nav>\n\t\t\t\t\t\t<\/div>\n\t\t\t\t<\/div>\n\t\t<div class=\"elementor-element elementor-element-856fd1b e-con-full e-flex e-con e-child\" data-id=\"856fd1b\" data-element_type=\"container\">\n\t\t\t\t<div class=\"elementor-element elementor-element-53d3aa9 elementor-widget elementor-widget-posts\" data-id=\"53d3aa9\" data-element_type=\"widget\" data-settings=\"{&quot;full_content_row_gap&quot;:{&quot;unit&quot;:&quot;px&quot;,&quot;size&quot;:30,&quot;sizes&quot;:[]}}\" data-widget_type=\"posts.full_content\">\n\t\t\t\t<div class=\"elementor-widget-container\">\n\t\t\t\t\t\t\t<div class=\"elementor-posts-container elementor-posts elementor-posts--skin-full_content elementor-grid\">\n\t\t\t\t<article class=\"elementor-post elementor-grid-item post-2072 obras type-obras status-publish hentry category-publiporta\">\n\t\t\t\t<div class=\"elementor-post__text\">\n\t\t<p><a href=\"https:\/\/www.bancocredicoop.coop\/\" target=\"_blank\" rel=\"noopener\"><img decoding=\"async\" class=\"alignnone wp-image-4227 size-full\" src=\"https:\/\/lacoopeactiva.com.ar\/wp-content\/uploads\/2024\/08\/Web-La-coope-activa-1140x120px-MOVETE-MANOS-Dic-2025-1.gif\" alt=\"\" width=\"1130\" height=\"119\" \/><\/a><\/p>\n\t\t<\/div>\n\t\t\t\t<\/article>\n\t\t\t\t<\/div>\n\t\t\n\t\t\t\t\t\t<\/div>\n\t\t\t\t<\/div>\n\t\t\t\t<\/div>\n\t\t<div class=\"elementor-element elementor-element-630fbf6 e-con-full e-flex e-con e-child\" data-id=\"630fbf6\" data-element_type=\"container\">\n\t\t\t\t<\/div>\n\t\t<div class=\"elementor-element elementor-element-1bad365 e-con-full e-flex e-con e-child\" data-id=\"1bad365\" data-element_type=\"container\">\n\t\t\t\t<\/div>\n\t\t\t\t<\/div>\n\t\t<div class=\"elementor-element elementor-element-83691df e-con-full e-flex e-con e-child\" data-id=\"83691df\" data-element_type=\"container\">\n\t\t<div class=\"elementor-element elementor-element-61e66ff e-con-full e-flex e-con e-child\" data-id=\"61e66ff\" data-element_type=\"container\">\n\t\t\t\t<div class=\"elementor-element elementor-element-b3edb8a elementor-widget elementor-widget-heading\" data-id=\"b3edb8a\" data-element_type=\"widget\" data-widget_type=\"heading.default\">\n\t\t\t\t<div class=\"elementor-widget-container\">\n\t\t\t\t\t<h2 class=\"elementor-heading-title elementor-size-default\">TE PUEDE INTERESAR:<\/h2>\t\t\t\t<\/div>\n\t\t\t\t<\/div>\n\t\t\t\t<\/div>\n\t\t<div class=\"elementor-element elementor-element-a4c8a4e e-con-full e-flex e-con e-child\" data-id=\"a4c8a4e\" data-element_type=\"container\">\n\t\t\t\t<div class=\"elementor-element elementor-element-8ab49f3 elementor-grid-1 elementor-grid-tablet-2 elementor-grid-mobile-1 elementor-posts--thumbnail-top elementor-posts__hover-gradient elementor-widget elementor-widget-posts\" data-id=\"8ab49f3\" data-element_type=\"widget\" data-settings=\"{&quot;cards_columns&quot;:&quot;1&quot;,&quot;cards_columns_tablet&quot;:&quot;2&quot;,&quot;cards_columns_mobile&quot;:&quot;1&quot;,&quot;cards_row_gap&quot;:{&quot;unit&quot;:&quot;px&quot;,&quot;size&quot;:35,&quot;sizes&quot;:[]},&quot;cards_row_gap_tablet&quot;:{&quot;unit&quot;:&quot;px&quot;,&quot;size&quot;:&quot;&quot;,&quot;sizes&quot;:[]},&quot;cards_row_gap_mobile&quot;:{&quot;unit&quot;:&quot;px&quot;,&quot;size&quot;:&quot;&quot;,&quot;sizes&quot;:[]}}\" data-widget_type=\"posts.cards\">\n\t\t\t\t<div class=\"elementor-widget-container\">\n\t\t\t\t\t\t\t<div class=\"elementor-posts-container elementor-posts elementor-posts--skin-cards elementor-grid\">\n\t\t\t\t<article class=\"elementor-post elementor-grid-item post-4136 post type-post status-publish format-standard has-post-thumbnail hentry category-nacionales\">\n\t\t\t<div class=\"elementor-post__card\">\n\t\t\t\t<a class=\"elementor-post__thumbnail__link\" href=\"https:\/\/lacoopeactiva.com.ar\/index.php\/2024\/09\/20\/la-pandemia-de-las-industrias-derrumbe-historico-de-un-sector-clave\/\" tabindex=\"-1\" ><div class=\"elementor-post__thumbnail\"><img decoding=\"async\" width=\"300\" height=\"169\" src=\"https:\/\/lacoopeactiva.com.ar\/wp-content\/uploads\/2024\/09\/NOTA-Industria-300x169.jpg\" class=\"attachment-medium size-medium wp-image-4137\" alt=\"\" srcset=\"https:\/\/lacoopeactiva.com.ar\/wp-content\/uploads\/2024\/09\/NOTA-Industria-300x169.jpg 300w, https:\/\/lacoopeactiva.com.ar\/wp-content\/uploads\/2024\/09\/NOTA-Industria-1024x576.jpg 1024w, https:\/\/lacoopeactiva.com.ar\/wp-content\/uploads\/2024\/09\/NOTA-Industria-768x432.jpg 768w, https:\/\/lacoopeactiva.com.ar\/wp-content\/uploads\/2024\/09\/NOTA-Industria.jpg 1300w\" sizes=\"(max-width: 300px) 100vw, 300px\" \/><\/div><\/a>\n\t\t\t\t<div class=\"elementor-post__badge\">NACIONALES<\/div>\n\t\t\t\t<div class=\"elementor-post__text\">\n\t\t\t\t<h3 class=\"elementor-post__title\">\n\t\t\t<a href=\"https:\/\/lacoopeactiva.com.ar\/index.php\/2024\/09\/20\/la-pandemia-de-las-industrias-derrumbe-historico-de-un-sector-clave\/\" >\n\t\t\t\tLA PANDEMIA DE LAS INDUSTRIAS. DERRUMBE HIST\u00d3RICO DE UN SECTOR CLAVE\t\t\t<\/a>\n\t\t<\/h3>\n\t\t\t\t<\/div>\n\t\t\t\t\t<\/div>\n\t\t<\/article>\n\t\t\t\t<\/div>\n\t\t\n\t\t\t\t\t\t<\/div>\n\t\t\t\t<\/div>\n\t\t\t\t<\/div>\n\t\t<div class=\"elementor-element elementor-element-d6f09ff e-con-full e-flex e-con e-child\" data-id=\"d6f09ff\" data-element_type=\"container\">\n\t\t\t\t<div class=\"elementor-element elementor-element-85d5b1b elementor-grid-1 elementor-grid-tablet-2 elementor-grid-mobile-1 elementor-posts--thumbnail-top elementor-posts__hover-gradient elementor-widget elementor-widget-posts\" data-id=\"85d5b1b\" data-element_type=\"widget\" data-settings=\"{&quot;cards_columns&quot;:&quot;1&quot;,&quot;cards_columns_tablet&quot;:&quot;2&quot;,&quot;cards_columns_mobile&quot;:&quot;1&quot;,&quot;cards_row_gap&quot;:{&quot;unit&quot;:&quot;px&quot;,&quot;size&quot;:35,&quot;sizes&quot;:[]},&quot;cards_row_gap_tablet&quot;:{&quot;unit&quot;:&quot;px&quot;,&quot;size&quot;:&quot;&quot;,&quot;sizes&quot;:[]},&quot;cards_row_gap_mobile&quot;:{&quot;unit&quot;:&quot;px&quot;,&quot;size&quot;:&quot;&quot;,&quot;sizes&quot;:[]}}\" data-widget_type=\"posts.cards\">\n\t\t\t\t<div class=\"elementor-widget-container\">\n\t\t\t\t\t\t\t<div class=\"elementor-posts-container elementor-posts elementor-posts--skin-cards elementor-grid\">\n\t\t\t\t<article class=\"elementor-post elementor-grid-item post-207 post type-post status-publish format-image has-post-thumbnail hentry category-locales tag-locales post_format-post-format-image\">\n\t\t\t<div class=\"elementor-post__card\">\n\t\t\t\t<a class=\"elementor-post__thumbnail__link\" href=\"https:\/\/lacoopeactiva.com.ar\/index.php\/2024\/08\/21\/avicola-jurjen-algo-huelemal-en-nuestra-ciudad\/\" tabindex=\"-1\" ><div class=\"elementor-post__thumbnail\"><img loading=\"lazy\" decoding=\"async\" width=\"300\" height=\"173\" src=\"https:\/\/lacoopeactiva.com.ar\/wp-content\/uploads\/2024\/08\/fotopubliportada-300x173.png\" class=\"attachment-medium size-medium wp-image-353\" alt=\"\" srcset=\"https:\/\/lacoopeactiva.com.ar\/wp-content\/uploads\/2024\/08\/fotopubliportada-300x173.png 300w, https:\/\/lacoopeactiva.com.ar\/wp-content\/uploads\/2024\/08\/fotopubliportada.png 668w\" sizes=\"(max-width: 300px) 100vw, 300px\" \/><\/div><\/a>\n\t\t\t\t<div class=\"elementor-post__badge\">LOCALES<\/div>\n\t\t\t\t<div class=\"elementor-post__text\">\n\t\t\t\t<h3 class=\"elementor-post__title\">\n\t\t\t<a href=\"https:\/\/lacoopeactiva.com.ar\/index.php\/2024\/08\/21\/avicola-jurjen-algo-huelemal-en-nuestra-ciudad\/\" >\n\t\t\t\tAVICOLA JURJEN, ALGO HUELEMAL EN NUESTRA CIUDAD\t\t\t<\/a>\n\t\t<\/h3>\n\t\t\t\t<\/div>\n\t\t\t\t\t<\/div>\n\t\t<\/article>\n\t\t\t\t<\/div>\n\t\t\n\t\t\t\t\t\t<\/div>\n\t\t\t\t<\/div>\n\t\t\t\t<\/div>\n\t\t<div class=\"elementor-element elementor-element-a3b261e e-con-full e-flex e-con e-child\" data-id=\"a3b261e\" data-element_type=\"container\">\n\t\t\t\t<div class=\"elementor-element elementor-element-03c4a44 elementor-grid-1 elementor-grid-tablet-2 elementor-grid-mobile-1 elementor-posts--thumbnail-top elementor-posts__hover-gradient elementor-widget elementor-widget-posts\" data-id=\"03c4a44\" data-element_type=\"widget\" data-settings=\"{&quot;cards_columns&quot;:&quot;1&quot;,&quot;cards_columns_tablet&quot;:&quot;2&quot;,&quot;cards_columns_mobile&quot;:&quot;1&quot;,&quot;cards_row_gap&quot;:{&quot;unit&quot;:&quot;px&quot;,&quot;size&quot;:35,&quot;sizes&quot;:[]},&quot;cards_row_gap_tablet&quot;:{&quot;unit&quot;:&quot;px&quot;,&quot;size&quot;:&quot;&quot;,&quot;sizes&quot;:[]},&quot;cards_row_gap_mobile&quot;:{&quot;unit&quot;:&quot;px&quot;,&quot;size&quot;:&quot;&quot;,&quot;sizes&quot;:[]}}\" data-widget_type=\"posts.cards\">\n\t\t\t\t<div class=\"elementor-widget-container\">\n\t\t\t\t\t\t\t<div class=\"elementor-posts-container elementor-posts elementor-posts--skin-cards elementor-grid\">\n\t\t\t\t<article class=\"elementor-post elementor-grid-item post-1638 post type-post status-publish format-standard has-post-thumbnail hentry category-internacionales tag-internacionales\">\n\t\t\t<div class=\"elementor-post__card\">\n\t\t\t\t<a class=\"elementor-post__thumbnail__link\" href=\"https:\/\/lacoopeactiva.com.ar\/index.php\/2024\/08\/23\/imane-khelif-y-la-disparidad-fisica-en-el-deporte\/\" tabindex=\"-1\" ><div class=\"elementor-post__thumbnail\"><img loading=\"lazy\" decoding=\"async\" width=\"300\" height=\"188\" src=\"https:\/\/lacoopeactiva.com.ar\/wp-content\/uploads\/2024\/08\/Sin-IMANE-KHELIF-300x188.jpg\" class=\"attachment-medium size-medium wp-image-1639\" alt=\"\" srcset=\"https:\/\/lacoopeactiva.com.ar\/wp-content\/uploads\/2024\/08\/Sin-IMANE-KHELIF-300x188.jpg 300w, https:\/\/lacoopeactiva.com.ar\/wp-content\/uploads\/2024\/08\/Sin-IMANE-KHELIF.jpg 668w\" sizes=\"(max-width: 300px) 100vw, 300px\" \/><\/div><\/a>\n\t\t\t\t<div class=\"elementor-post__badge\">INTERNACIONALES<\/div>\n\t\t\t\t<div class=\"elementor-post__text\">\n\t\t\t\t<h3 class=\"elementor-post__title\">\n\t\t\t<a href=\"https:\/\/lacoopeactiva.com.ar\/index.php\/2024\/08\/23\/imane-khelif-y-la-disparidad-fisica-en-el-deporte\/\" >\n\t\t\t\tIMANE KHELIF Y LA DISPARIDAD F\u00cdSICA EN EL DEPORTE\t\t\t<\/a>\n\t\t<\/h3>\n\t\t\t\t<\/div>\n\t\t\t\t\t<\/div>\n\t\t<\/article>\n\t\t\t\t<\/div>\n\t\t\n\t\t\t\t\t\t<\/div>\n\t\t\t\t<\/div>\n\t\t\t\t<\/div>\n\t\t<div class=\"elementor-element elementor-element-9f05647 e-con-full e-flex e-con e-child\" data-id=\"9f05647\" data-element_type=\"container\">\n\t\t\t\t<div class=\"elementor-element elementor-element-c02ce8b elementor-widget elementor-widget-gallery\" data-id=\"c02ce8b\" data-element_type=\"widget\" data-settings=\"{&quot;gallery_layout&quot;:&quot;masonry&quot;,&quot;columns&quot;:1,&quot;gap&quot;:{&quot;unit&quot;:&quot;px&quot;,&quot;size&quot;:20,&quot;sizes&quot;:[]},&quot;columns_tablet&quot;:2,&quot;columns_mobile&quot;:1,&quot;gap_tablet&quot;:{&quot;unit&quot;:&quot;px&quot;,&quot;size&quot;:10,&quot;sizes&quot;:[]},&quot;gap_mobile&quot;:{&quot;unit&quot;:&quot;px&quot;,&quot;size&quot;:10,&quot;sizes&quot;:[]},&quot;content_hover_animation&quot;:&quot;fade-in&quot;}\" data-widget_type=\"gallery.default\">\n\t\t\t\t<div class=\"elementor-widget-container\">\n\t\t\t\t\t\t\t<div class=\"elementor-gallery__container\">\n\t\t\t\t\t\t\t<div class=\"e-gallery-item elementor-gallery-item elementor-animated-content\">\n\t\t\t\t\t<div class=\"e-gallery-image elementor-gallery-item__image\" data-thumbnail=\"https:\/\/lacoopeactiva.com.ar\/wp-content\/uploads\/2024\/08\/PUBLI-La-tranquera.jpg\" data-width=\"350\" data-height=\"300\" aria-label=\"\" role=\"img\" ><\/div>\n\t\t\t\t\t\t\t\t\t\t\t\t\t\t<\/div>\n\t\t\t\t\t\t\t<div class=\"e-gallery-item elementor-gallery-item elementor-animated-content\">\n\t\t\t\t\t<div class=\"e-gallery-image elementor-gallery-item__image\" data-thumbnail=\"https:\/\/lacoopeactiva.com.ar\/wp-content\/uploads\/2024\/08\/PUBLI-La-tiendita.jpg\" data-width=\"350\" data-height=\"300\" aria-label=\"\" role=\"img\" ><\/div>\n\t\t\t\t\t\t\t\t\t\t\t\t\t\t<\/div>\n\t\t\t\t\t\t\t<div class=\"e-gallery-item elementor-gallery-item elementor-animated-content\">\n\t\t\t\t\t<div class=\"e-gallery-image elementor-gallery-item__image\" data-thumbnail=\"https:\/\/lacoopeactiva.com.ar\/wp-content\/uploads\/2024\/08\/PUBLI-Fecootra.jpg\" data-width=\"350\" data-height=\"300\" aria-label=\"\" role=\"img\" ><\/div>\n\t\t\t\t\t\t\t\t\t\t\t\t\t\t<\/div>\n\t\t\t\t\t\t\t<div class=\"e-gallery-item elementor-gallery-item elementor-animated-content\">\n\t\t\t\t\t<div class=\"e-gallery-image elementor-gallery-item__image\" data-thumbnail=\"https:\/\/lacoopeactiva.com.ar\/wp-content\/uploads\/2024\/08\/PUBLI-Coomuniccar.jpg\" data-width=\"350\" data-height=\"300\" aria-label=\"\" role=\"img\" ><\/div>\n\t\t\t\t\t\t\t\t\t\t\t\t\t\t<\/div>\n\t\t\t\t\t<\/div>\n\t\t\t\t\t<\/div>\n\t\t\t\t<\/div>\n\t\t\t\t<\/div>\n\t\t\t\t<\/div>\n\t\t\t\t<\/div>\n\t\t\t\t\t<\/div>\n\t\t\t\t<\/div>\n\t\t\t\t<\/div>\n\t\t\t\t<\/div>\n\t\t\t\t<\/div>\n\t\t","protected":false},"excerpt":{"rendered":"<p>TE PUEDE INTERESAR:<\/p>\n","protected":false},"author":2,"featured_media":0,"parent":0,"menu_order":0,"comment_status":"closed","ping_status":"closed","template":"elementor_header_footer","meta":{"_acf_changed":false,"_kad_post_transparent":"","_kad_post_title":"","_kad_post_layout":"","_kad_post_sidebar_id":"","_kad_post_content_style":"","_kad_post_vertical_padding":"","_kad_post_feature":"","_kad_post_feature_position":"","_kad_post_header":false,"_kad_post_footer":false,"footnotes":""},"class_list":["post-21","page","type-page","status-publish","hentry"],"acf":[],"_links":{"self":[{"href":"https:\/\/lacoopeactiva.com.ar\/index.php\/wp-json\/wp\/v2\/pages\/21","targetHints":{"allow":["GET"]}}],"collection":[{"href":"https:\/\/lacoopeactiva.com.ar\/index.php\/wp-json\/wp\/v2\/pages"}],"about":[{"href":"https:\/\/lacoopeactiva.com.ar\/index.php\/wp-json\/wp\/v2\/types\/page"}],"author":[{"embeddable":true,"href":"https:\/\/lacoopeactiva.com.ar\/index.php\/wp-json\/wp\/v2\/users\/2"}],"replies":[{"embeddable":true,"href":"https:\/\/lacoopeactiva.com.ar\/index.php\/wp-json\/wp\/v2\/comments?post=21"}],"version-history":[{"count":43,"href":"https:\/\/lacoopeactiva.com.ar\/index.php\/wp-json\/wp\/v2\/pages\/21\/revisions"}],"predecessor-version":[{"id":4116,"href":"https:\/\/lacoopeactiva.com.ar\/index.php\/wp-json\/wp\/v2\/pages\/21\/revisions\/4116"}],"wp:attachment":[{"href":"https:\/\/lacoopeactiva.com.ar\/index.php\/wp-json\/wp\/v2\/media?parent=21"}],"curies":[{"name":"wp","href":"https:\/\/api.w.org\/{rel}","templated":true}]}}