{"id":23,"date":"2024-08-17T19:32:37","date_gmt":"2024-08-17T19:32:37","guid":{"rendered":"https:\/\/lacoopeactiva.com.ar\/?page_id=23"},"modified":"2024-10-10T13:34:19","modified_gmt":"2024-10-10T13:34:19","slug":"nosotrxs","status":"publish","type":"page","link":"https:\/\/lacoopeactiva.com.ar\/index.php\/nosotrxs\/","title":{"rendered":"Nosotrxs"},"content":{"rendered":"\t\t<div data-elementor-type=\"wp-page\" data-elementor-id=\"23\" class=\"elementor elementor-23\" data-elementor-post-type=\"page\">\n\t\t\t\t<div class=\"elementor-element elementor-element-b0f4a01 e-con-full e-flex e-con e-parent\" data-id=\"b0f4a01\" data-element_type=\"container\">\n\t\t\t\t<div class=\"elementor-element elementor-element-e20303f elementor-widget elementor-widget-text-editor\" data-id=\"e20303f\" data-element_type=\"widget\" data-widget_type=\"text-editor.default\">\n\t\t\t\t<div class=\"elementor-widget-container\">\n\t\t\t\t\t\t\t\t\t<p>La Productora COOMUNICCAR fue creada por un grupo de j\u00f3venes profesionales, t\u00e9cnicxs y universitarixs, de la comunicaci\u00f3n el 23 de febrero de 2010 bajo la forma jur\u00eddica de cooperativa de trabajo, en la ciudad de Necochea, provincia de Buenos Aires.<\/p><p>Desde ese entonces la Cooperativa de Trabajo COOMUNICCAR Ltda (RNC-INAES # 39062) se dedica a brindar productos y servicios profesionales de comunicaci\u00f3n integral. Su principal actividad es producir, realizar y difundir, en forma colectiva y autogestionada, productos de comunicaci\u00f3n en soporte audiovisual, gr\u00e1fico, sonoro y multimedia; adem\u00e1s, realiza asesoramiento en la gesti\u00f3n de comunicaciones en redes sociales y brinda capacitaciones en oficios audio-visuales y cooperativismo.<\/p><p>El proceso de autogesti\u00f3n planificada sumado al conocimiento profesional individual de cada asociado y asociada potenciado por el trabajo colectivo y la disponibilidad de instalaciones pertinentes y tecnolog\u00eda actualizada hacen posible un desarrollo sostenido de producci\u00f3n de calidad en servicios y productos comunicacionales para diversos perfiles de clientes.<\/p>\t\t\t\t\t\t\t\t<\/div>\n\t\t\t\t<\/div>\n\t\t\t\t<\/div>\n\t\t\t\t<\/div>\n\t\t","protected":false},"excerpt":{"rendered":"<p>La Productora COOMUNICCAR fue creada por un grupo de j\u00f3venes profesionales, t\u00e9cnicxs y universitarixs, de la comunicaci\u00f3n el 23 de febrero de 2010 bajo la forma jur\u00eddica de cooperativa de trabajo, en la ciudad de Necochea, provincia de Buenos Aires. Desde ese entonces la Cooperativa de Trabajo COOMUNICCAR Ltda (RNC-INAES # 39062) se dedica a&#8230;<\/p>\n","protected":false},"author":2,"featured_media":1458,"parent":0,"menu_order":0,"comment_status":"closed","ping_status":"closed","template":"elementor_header_footer","meta":{"_acf_changed":false,"_kad_post_transparent":"","_kad_post_title":"hide","_kad_post_layout":"fullwidth","_kad_post_sidebar_id":"","_kad_post_content_style":"unboxed","_kad_post_vertical_padding":"hide","_kad_post_feature":"hide","_kad_post_feature_position":"","_kad_post_header":false,"_kad_post_footer":false,"footnotes":""},"class_list":["post-23","page","type-page","status-publish","has-post-thumbnail","hentry"],"acf":[],"_links":{"self":[{"href":"https:\/\/lacoopeactiva.com.ar\/index.php\/wp-json\/wp\/v2\/pages\/23","targetHints":{"allow":["GET"]}}],"collection":[{"href":"https:\/\/lacoopeactiva.com.ar\/index.php\/wp-json\/wp\/v2\/pages"}],"about":[{"href":"https:\/\/lacoopeactiva.com.ar\/index.php\/wp-json\/wp\/v2\/types\/page"}],"author":[{"embeddable":true,"href":"https:\/\/lacoopeactiva.com.ar\/index.php\/wp-json\/wp\/v2\/users\/2"}],"replies":[{"embeddable":true,"href":"https:\/\/lacoopeactiva.com.ar\/index.php\/wp-json\/wp\/v2\/comments?post=23"}],"version-history":[{"count":34,"href":"https:\/\/lacoopeactiva.com.ar\/index.php\/wp-json\/wp\/v2\/pages\/23\/revisions"}],"predecessor-version":[{"id":4198,"href":"https:\/\/lacoopeactiva.com.ar\/index.php\/wp-json\/wp\/v2\/pages\/23\/revisions\/4198"}],"wp:featuredmedia":[{"embeddable":true,"href":"https:\/\/lacoopeactiva.com.ar\/index.php\/wp-json\/wp\/v2\/media\/1458"}],"wp:attachment":[{"href":"https:\/\/lacoopeactiva.com.ar\/index.php\/wp-json\/wp\/v2\/media?parent=23"}],"curies":[{"name":"wp","href":"https:\/\/api.w.org\/{rel}","templated":true}]}}